{"id":53,"date":"2016-01-07T15:33:34","date_gmt":"2016-01-07T14:33:34","guid":{"rendered":"https:\/\/www.offroaddragrace-gr.ch\/web\/?page_id=53"},"modified":"2026-04-08T17:13:50","modified_gmt":"2026-04-08T15:13:50","slug":"startseite","status":"publish","type":"page","link":"https:\/\/www.offroaddragrace-gr.ch\/web\/","title":{"rendered":"Home"},"content":{"rendered":"<p><a href=\"https:\/\/www.offroaddragrace-gr.ch\/web\/wp-content\/uploads\/2026\/04\/WhatsApp-Image-2026-04-08-at-14.58.05.jpeg\"><img loading=\"lazy\" decoding=\"async\" class=\"alignnone size-large wp-image-1606\" src=\"https:\/\/www.offroaddragrace-gr.ch\/web\/wp-content\/uploads\/2026\/04\/WhatsApp-Image-2026-04-08-at-14.58.05-720x1024.jpeg\" alt=\"\" width=\"474\" height=\"674\" srcset=\"https:\/\/www.offroaddragrace-gr.ch\/web\/wp-content\/uploads\/2026\/04\/WhatsApp-Image-2026-04-08-at-14.58.05-720x1024.jpeg 720w, https:\/\/www.offroaddragrace-gr.ch\/web\/wp-content\/uploads\/2026\/04\/WhatsApp-Image-2026-04-08-at-14.58.05-211x300.jpeg 211w, https:\/\/www.offroaddragrace-gr.ch\/web\/wp-content\/uploads\/2026\/04\/WhatsApp-Image-2026-04-08-at-14.58.05-768x1093.jpeg 768w, https:\/\/www.offroaddragrace-gr.ch\/web\/wp-content\/uploads\/2026\/04\/WhatsApp-Image-2026-04-08-at-14.58.05.jpeg 1074w\" sizes=\"auto, (max-width: 474px) 100vw, 474px\" \/><\/a><\/p>\n<p>Willkommen auf der Webseite des Offroaddragrace Flond in Graub\u00fcnden<\/p>\n<p>Auf unserer Webseite findet ihr alle n\u00f6tigen Informationen zum Offroaddragrace in der Gemeinde Obersaxen&nbsp;Mundaun.<\/p>\n<p>Beim Offroad Drag-Racing handelt es sich um ein Beschleunigungsrennen. Fahrer gegen Fahrer auf zwei parallelen Bahnen. Die Strecke misst 70 Meter. Gefahren wird&nbsp;auf losem Untergrund (Acker) welcher f\u00fcr regul\u00e4re Verh\u00e4ltnisse zwischendurch maschinell bearbeitet wird.<\/p>\n<p>Gestartet wird mit einer professionellen Ampelanlage, die nach Zufallsprinzip funktioniert.<\/p>\n<p>Mit Lichtschranken wird die Gesamt- wie auch die Reaktionszeit und Endgeschwindigkeit gemessen. Wenn die Ampel auf Gr\u00fcn schaltet, l\u00e4uft die Zeit. Wer zu fr\u00fch startet, &nbsp;scheidet aus. Pro Paarung gibt es zwei L\u00e4ufe. Jeder startet einmal auf der rechten und einmal auf der linken Bahn. Bei Unentschieden gibt es einen dritten Lauf.&nbsp;Wer 2 mal gewinnt &nbsp;kommt in die n\u00e4chste Runde (Ko System). Die Paarungen werden von der Jury ausgelost.<\/p>\n<p>Das Offroaddragrace ist ein riesen Spass sowohl f\u00fcr Fahrer als auch f\u00fcr Zuschauer ! Packt eure Familie und Kollegen, kommt nach Flond und erlebt einen einzigartigen Anlass in den B\u00fcndner Bergen !<\/p>\n<p>Viel Spass auf unserer Homepage und vielleicht bis bald in Flond !!<\/p>\n<p>Unter den Folgenden Links findet ihr die Rangliste und eine \u00dcbersicht aller L\u00e4ufe vom 2022.<\/p>\n<p><a href=\"https:\/\/www.offroaddragrace-gr.ch\/web\/wp-content\/uploads\/2022\/06\/2022_AlleZeiten.pdf\">Alle Zeiten Flond 2022<\/a><br \/>\n<a href=\"https:\/\/www.offroaddragrace-gr.ch\/web\/wp-content\/uploads\/2022\/06\/2022_Open.pdf\">Pyramide Open Flond 2022<\/a><br \/>\n<a href=\"https:\/\/www.offroaddragrace-gr.ch\/web\/wp-content\/uploads\/2022\/06\/2022_CrossEnduro.pdf\">Pyramide Cross\/Enduro Flond 2022<\/a><br \/>\n<a href=\"https:\/\/www.offroaddragrace-gr.ch\/web\/wp-content\/uploads\/2022\/06\/2022_Modified.pdf\">Pyramide Modified Flond 2022&nbsp;<\/a><br \/>\n<a href=\"https:\/\/www.offroaddragrace-gr.ch\/web\/wp-content\/uploads\/2022\/06\/2022_Harley.pdf\">Pyramide Harley Flond 2022<\/a><br \/>\n<a href=\"https:\/\/www.offroaddragrace-gr.ch\/web\/wp-content\/uploads\/2022\/06\/2022_Junioren.pdf\">Pyramide Junioren Flond 2022<\/a><\/p>\n<p>Unter den Folgenden Links findet ihr die Rangliste und eine \u00dcbersicht aller L\u00e4ufe vom 2018.<\/p>\n<p><a href=\"https:\/\/www.offroaddragrace-gr.ch\/web\/wp-content\/uploads\/2016\/01\/Pyramide-Flond-2018-open.pdf\">Pyramide Flond 2018 open<br \/>\n<\/a><a href=\"https:\/\/www.offroaddragrace-gr.ch\/web\/wp-content\/uploads\/2016\/01\/Pyramide-Flond-2018-Modyfied.pdf\">Pyramide Flond 2018 Modyfied<br \/>\n<\/a><a href=\"https:\/\/www.offroaddragrace-gr.ch\/web\/wp-content\/uploads\/2016\/01\/Pyramide-Flond-2018-Quad.pdf\">Pyramide Flond 2018 Quad<br \/>\n<\/a><a href=\"https:\/\/www.offroaddragrace-gr.ch\/web\/wp-content\/uploads\/2016\/01\/Pyramide-Flond-2018-Harley.pdf\">Pyramide Flond 2018 Harley<\/a><\/p>\n<p>Unter den Folgenden Links findet ihr die Rangliste und eine \u00dcbersicht aller L\u00e4ufe vom 2016.<\/p>\n<p><a href=\"https:\/\/www.offroaddragrace-gr.ch\/web\/wp-content\/uploads\/2016\/01\/Drag2016-Pyramide.pdf\" rel=\"\">Drag2016 Pyramide<\/a><br \/>\n<a href=\"https:\/\/www.offroaddragrace-gr.ch\/web\/wp-content\/uploads\/2016\/01\/Flond-Dragrace-2016-alle-L\u00e4ufe.pdf\" rel=\"\">Flond Dragrace 2016 alle L\u00e4ufe<\/a><br \/>\n<a href=\"https:\/\/www.offroaddragrace-gr.ch\/web\/gallery\/2016\">Bilder Offroad Dragrace 2016<\/a><\/p>\n","protected":false},"excerpt":{"rendered":"<p>Willkommen auf der Webseite des Offroaddragrace Flond in Graub\u00fcnden Auf unserer Webseite findet ihr alle n\u00f6tigen Informationen zum Offroaddragrace in der Gemeinde Obersaxen&nbsp;Mundaun. Beim Offroad Drag-Racing handelt es sich um ein Beschleunigungsrennen. Fahrer gegen Fahrer auf zwei parallelen Bahnen. Die Strecke misst 70 Meter. Gefahren wird&nbsp;auf losem Untergrund (Acker) welcher f\u00fcr regul\u00e4re Verh\u00e4ltnisse zwischendurch maschinell &hellip; <a href=\"https:\/\/www.offroaddragrace-gr.ch\/web\/\" class=\"more-link\"><span class=\"screen-reader-text\">Home<\/span> weiterlesen <span class=\"meta-nav\">&rarr;<\/span><\/a><\/p>\n","protected":false},"author":1,"featured_media":0,"parent":0,"menu_order":0,"comment_status":"closed","ping_status":"closed","template":"","meta":{"ngg_post_thumbnail":0,"footnotes":""},"class_list":["post-53","page","type-page","status-publish","hentry"],"_links":{"self":[{"href":"https:\/\/www.offroaddragrace-gr.ch\/web\/index.php?rest_route=\/wp\/v2\/pages\/53","targetHints":{"allow":["GET"]}}],"collection":[{"href":"https:\/\/www.offroaddragrace-gr.ch\/web\/index.php?rest_route=\/wp\/v2\/pages"}],"about":[{"href":"https:\/\/www.offroaddragrace-gr.ch\/web\/index.php?rest_route=\/wp\/v2\/types\/page"}],"author":[{"embeddable":true,"href":"https:\/\/www.offroaddragrace-gr.ch\/web\/index.php?rest_route=\/wp\/v2\/users\/1"}],"replies":[{"embeddable":true,"href":"https:\/\/www.offroaddragrace-gr.ch\/web\/index.php?rest_route=%2Fwp%2Fv2%2Fcomments&post=53"}],"version-history":[{"count":47,"href":"https:\/\/www.offroaddragrace-gr.ch\/web\/index.php?rest_route=\/wp\/v2\/pages\/53\/revisions"}],"predecessor-version":[{"id":1609,"href":"https:\/\/www.offroaddragrace-gr.ch\/web\/index.php?rest_route=\/wp\/v2\/pages\/53\/revisions\/1609"}],"wp:attachment":[{"href":"https:\/\/www.offroaddragrace-gr.ch\/web\/index.php?rest_route=%2Fwp%2Fv2%2Fmedia&parent=53"}],"curies":[{"name":"wp","href":"https:\/\/api.w.org\/{rel}","templated":true}]}}