{"id":162,"date":"2016-01-11T21:54:28","date_gmt":"2016-01-11T20:54:28","guid":{"rendered":"https:\/\/www.offroaddragrace-gr.ch\/web\/?page_id=162"},"modified":"2024-05-30T21:15:46","modified_gmt":"2024-05-30T19:15:46","slug":"anreise","status":"publish","type":"page","link":"https:\/\/www.offroaddragrace-gr.ch\/web\/?page_id=162","title":{"rendered":"Anreise"},"content":{"rendered":"<p>So gelangen Sie zum Offroad Dragrace in 7137&nbsp;Flond.<\/p>\n<div id=\"cc-m-12391477233\" class=\"j-module n j-header \">\n<h4 id=\"cc-m-header-12391477233\">Auto<\/h4>\n<\/div>\n<div id=\"cc-m-12391469933\" class=\"j-module n j-text \">\n<p><span style=\"font-size: 16px;\">Via Chur A3\/A13 \u00fcber Flims nach Ilanz oder via Bonaduz auf der alten Strasse entlang der Rheinschlucht. Von Westen \u00fcber den Oberalppass oder von S\u00fcden \u00fcber den Lukmanierpass via Disentis nach Obersaxen, Flond.<\/span><\/p>\n<\/div>\n<div id=\"cc-m-12391515733\" class=\"j-module n j-spacing \">&nbsp;<\/div>\n<div id=\"cc-m-12391516233\" class=\"j-module n j-header \">\n<h4 id=\"cc-m-header-12391516233\">\u00d6ffentlicher Verkehr<\/h4>\n<\/div>\n<div id=\"cc-m-12391517933\" class=\"j-module n j-text \">\n<p><span style=\"font-size: 16px;\">Via Chur mit der Rh\u00e4tischen Bahn oder via Andermatt mit der Furka-Oberalp-Bahn nach Ilanz. Ab Ilanz verkehren regelm\u00e4ssig Postautos nach Flond.<\/span><\/p>\n<\/div>\n<p>&nbsp;<\/p>\n","protected":false},"excerpt":{"rendered":"<p>So gelangen Sie zum Offroad Dragrace in 7137&nbsp;Flond. Auto Via Chur A3\/A13 \u00fcber Flims nach Ilanz oder via Bonaduz auf der alten Strasse entlang der Rheinschlucht. Von Westen \u00fcber den Oberalppass oder von S\u00fcden \u00fcber den Lukmanierpass via Disentis nach Obersaxen, Flond. &nbsp; \u00d6ffentlicher Verkehr Via Chur mit der Rh\u00e4tischen Bahn oder via Andermatt mit &hellip; <a href=\"https:\/\/www.offroaddragrace-gr.ch\/web\/?page_id=162\" class=\"more-link\"><span class=\"screen-reader-text\">Anreise<\/span> weiterlesen <span class=\"meta-nav\">&rarr;<\/span><\/a><\/p>\n","protected":false},"author":1,"featured_media":0,"parent":0,"menu_order":0,"comment_status":"closed","ping_status":"closed","template":"","meta":{"ngg_post_thumbnail":0,"footnotes":""},"class_list":["post-162","page","type-page","status-publish","hentry"],"_links":{"self":[{"href":"https:\/\/www.offroaddragrace-gr.ch\/web\/index.php?rest_route=\/wp\/v2\/pages\/162","targetHints":{"allow":["GET"]}}],"collection":[{"href":"https:\/\/www.offroaddragrace-gr.ch\/web\/index.php?rest_route=\/wp\/v2\/pages"}],"about":[{"href":"https:\/\/www.offroaddragrace-gr.ch\/web\/index.php?rest_route=\/wp\/v2\/types\/page"}],"author":[{"embeddable":true,"href":"https:\/\/www.offroaddragrace-gr.ch\/web\/index.php?rest_route=\/wp\/v2\/users\/1"}],"replies":[{"embeddable":true,"href":"https:\/\/www.offroaddragrace-gr.ch\/web\/index.php?rest_route=%2Fwp%2Fv2%2Fcomments&post=162"}],"version-history":[{"count":15,"href":"https:\/\/www.offroaddragrace-gr.ch\/web\/index.php?rest_route=\/wp\/v2\/pages\/162\/revisions"}],"predecessor-version":[{"id":1584,"href":"https:\/\/www.offroaddragrace-gr.ch\/web\/index.php?rest_route=\/wp\/v2\/pages\/162\/revisions\/1584"}],"wp:attachment":[{"href":"https:\/\/www.offroaddragrace-gr.ch\/web\/index.php?rest_route=%2Fwp%2Fv2%2Fmedia&parent=162"}],"curies":[{"name":"wp","href":"https:\/\/api.w.org\/{rel}","templated":true}]}}